
{"id":3707,"date":"2022-03-26T12:10:59","date_gmt":"2022-03-26T12:10:59","guid":{"rendered":"http:\/\/uparawards.com.co\/?page_id=3707"},"modified":"2022-03-26T12:13:21","modified_gmt":"2022-03-26T12:13:21","slug":"nosotros","status":"publish","type":"page","link":"https:\/\/uparawards.com.co\/?page_id=3707","title":{"rendered":"nosotros"},"content":{"rendered":"<p>[vc_row][vc_column]<div class=\"qodef-section-title-holder   qodef-st-title-left qodef-st-normal-space qodef-st-with-animation\" >\n\t<div class=\"qodef-st-inner\">\n\t\t\t\t\t\t\t<div class=\"qodef-st-title-wrapper\">\n\t\t\t\t<h2 class=\"qodef-st-title\" >\n\t\t\t\t\tUpar Awards\t\t\t\t<\/h2>\n\t\t\t<\/div>\n\t\t\t\t\t<\/div>\n<\/div>[vc_empty_space][vc_column_text]Prestigioso galard\u00f3n que se otorga a los mejores y m\u00e1s destacados del folclor vallenato durante el \u00faltimo a\u00f1o. Como reconocimiento, exalta y distingue la funci\u00f3n de quienes hacen posible la expansi\u00f3n del g\u00e9nero: productores, compositores, int\u00e9rpretes, acordeoneros; adem\u00e1s de quienes le otorgan variedad: agrupaciones femeninas, vallenato g\u00f3spel, entre otros. Es un espacio para que los aficionados puedan estimar la creaci\u00f3n de sus favoritos y elijan a sus ganadores.[\/vc_column_text][vc_empty_space][\/vc_column][\/vc_row][vc_row][vc_column]<div class=\"qodef-section-title-holder   qodef-st-title-left qodef-st-normal-space qodef-st-with-animation\" >\n\t<div class=\"qodef-st-inner\">\n\t\t\t\t\t\t\t<div class=\"qodef-st-title-wrapper\">\n\t\t\t\t<h2 class=\"qodef-st-title\" >\n\t\t\t\t\tMisi\u00f3n\t\t\t\t<\/h2>\n\t\t\t<\/div>\n\t\t\t\t\t<\/div>\n<\/div>[vc_empty_space][vc_column_text]<\/p>\n<p dir=\"auto\">Los\u00a0UPAR AWARDS\u00a0buscan fortalecer la cultura vallenata e incentivar a las nuevas generaciones del folclor, reconociendo y enalteciendo en vida a esos artistas, compositores, m\u00fasicos y todos los actores que han llevado la m\u00fasica vallenata a todos los rincones del pa\u00eds.<\/p>\n<p>[\/vc_column_text][vc_empty_space][\/vc_column][\/vc_row][vc_row][vc_column]<div class=\"qodef-section-title-holder   qodef-st-title-left qodef-st-normal-space qodef-st-with-animation\" >\n\t<div class=\"qodef-st-inner\">\n\t\t\t\t\t\t\t<div class=\"qodef-st-title-wrapper\">\n\t\t\t\t<h2 class=\"qodef-st-title\" >\n\t\t\t\t\tVisi\u00f3n\t\t\t\t<\/h2>\n\t\t\t<\/div>\n\t\t\t\t\t<\/div>\n<\/div>[vc_empty_space][vc_column_text]Los\u00a0UPAR AWARDS\u00a0ser\u00e1n reconocidos en 2025 como los premios de la Academia de la m\u00fasica vallenata en reconocimiento a la excelencia de los profesionales que llevan en alto el folclor y tradici\u00f3n de la regi\u00f3n, y como el espacio de participaci\u00f3n en el que la poblaci\u00f3n es la protagonista en el desarrollo de este evento.[\/vc_column_text][vc_empty_space][\/vc_column][vc_column css=\u00bb.vc_custom_1529055021087{margin-top: 0px !important;padding-top: 0px !important;}\u00bb][vc_widget_sidebar sidebar_id=\u00bbmain-home-instagram-widget\u00bb][\/vc_column][\/vc_row]<\/p>\n","protected":false},"excerpt":{"rendered":"<p>[vc_row][vc_column][vc_empty_space][vc_column_text]Prestigioso galard\u00f3n que se otorga a los mejores y m\u00e1s [&hellip;]<\/p>\n","protected":false},"author":1,"featured_media":0,"parent":0,"menu_order":0,"comment_status":"closed","ping_status":"closed","template":"","meta":{"footnotes":""},"class_list":["post-3707","page","type-page","status-publish","hentry"],"_links":{"self":[{"href":"https:\/\/uparawards.com.co\/index.php?rest_route=\/wp\/v2\/pages\/3707","targetHints":{"allow":["GET"]}}],"collection":[{"href":"https:\/\/uparawards.com.co\/index.php?rest_route=\/wp\/v2\/pages"}],"about":[{"href":"https:\/\/uparawards.com.co\/index.php?rest_route=\/wp\/v2\/types\/page"}],"author":[{"embeddable":true,"href":"https:\/\/uparawards.com.co\/index.php?rest_route=\/wp\/v2\/users\/1"}],"replies":[{"embeddable":true,"href":"https:\/\/uparawards.com.co\/index.php?rest_route=%2Fwp%2Fv2%2Fcomments&post=3707"}],"version-history":[{"count":8,"href":"https:\/\/uparawards.com.co\/index.php?rest_route=\/wp\/v2\/pages\/3707\/revisions"}],"predecessor-version":[{"id":3717,"href":"https:\/\/uparawards.com.co\/index.php?rest_route=\/wp\/v2\/pages\/3707\/revisions\/3717"}],"wp:attachment":[{"href":"https:\/\/uparawards.com.co\/index.php?rest_route=%2Fwp%2Fv2%2Fmedia&parent=3707"}],"curies":[{"name":"wp","href":"https:\/\/api.w.org\/{rel}","templated":true}]}}